{"id":2399,"date":"2024-02-26T14:06:14","date_gmt":"2024-02-26T14:06:14","guid":{"rendered":"https:\/\/iselba.it\/appartement-type-b\/"},"modified":"2024-11-15T09:53:19","modified_gmt":"2024-11-15T09:53:19","slug":"appartement-type-b","status":"publish","type":"page","link":"https:\/\/iselba.it\/fr\/appartements\/appartement-type-b\/","title":{"rendered":"Appartement TYPE B"},"content":{"rendered":"\t\t<div data-elementor-type=\"wp-page\" data-elementor-id=\"2399\" class=\"elementor elementor-2399 elementor-1005\" data-elementor-post-type=\"page\">\n\t\t\t\t\t\t<section class=\"elementor-section elementor-top-section elementor-element elementor-element-52febe8 elementor-section-boxed elementor-section-height-default elementor-section-height-default\" data-id=\"52febe8\" data-element_type=\"section\">\n\t\t\t\t\t\t<div class=\"elementor-container elementor-column-gap-default\">\n\t\t\t\t\t<div class=\"elementor-column elementor-col-100 elementor-top-column elementor-element elementor-element-29d2f12\" data-id=\"29d2f12\" data-element_type=\"column\">\n\t\t\t<div class=\"elementor-widget-wrap elementor-element-populated\">\n\t\t\t\t\t\t<div class=\"elementor-element elementor-element-b76ac19 elementor-widget elementor-widget-heading\" data-id=\"b76ac19\" data-element_type=\"widget\" data-widget_type=\"heading.default\">\n\t\t\t\t<div class=\"elementor-widget-container\">\n\t\t\t<style>\/*! elementor - v3.21.0 - 22-05-2024 *\/\n.elementor-heading-title{padding:0;margin:0;line-height:1}.elementor-widget-heading .elementor-heading-title[class*=elementor-size-]>a{color:inherit;font-size:inherit;line-height:inherit}.elementor-widget-heading .elementor-heading-title.elementor-size-small{font-size:15px}.elementor-widget-heading .elementor-heading-title.elementor-size-medium{font-size:19px}.elementor-widget-heading .elementor-heading-title.elementor-size-large{font-size:29px}.elementor-widget-heading .elementor-heading-title.elementor-size-xl{font-size:39px}.elementor-widget-heading .elementor-heading-title.elementor-size-xxl{font-size:59px}<\/style><h2 class=\"elementor-heading-title elementor-size-default\">Appartement <br>TYPE B<\/h2>\t\t<\/div>\n\t\t\t\t<\/div>\n\t\t\t\t\t<\/div>\n\t\t<\/div>\n\t\t\t\t\t<\/div>\n\t\t<\/section>\n\t\t\t\t<section class=\"elementor-section elementor-top-section elementor-element elementor-element-fcc1e8c elementor-section-boxed elementor-section-height-default elementor-section-height-default\" data-id=\"fcc1e8c\" data-element_type=\"section\">\n\t\t\t\t\t\t<div class=\"elementor-container elementor-column-gap-default\">\n\t\t\t\t\t<div class=\"elementor-column elementor-col-100 elementor-top-column elementor-element elementor-element-9a53052\" data-id=\"9a53052\" data-element_type=\"column\">\n\t\t\t<div class=\"elementor-widget-wrap elementor-element-populated\">\n\t\t\t\t\t\t<div class=\"elementor-element elementor-element-0c620c6 elementor-widget__width-initial elementor-widget elementor-widget-text-editor\" data-id=\"0c620c6\" data-element_type=\"widget\" data-widget_type=\"text-editor.default\">\n\t\t\t\t<div class=\"elementor-widget-container\">\n\t\t\t<style>\/*! elementor - v3.21.0 - 22-05-2024 *\/\n.elementor-widget-text-editor.elementor-drop-cap-view-stacked .elementor-drop-cap{background-color:#69727d;color:#fff}.elementor-widget-text-editor.elementor-drop-cap-view-framed .elementor-drop-cap{color:#69727d;border:3px solid;background-color:transparent}.elementor-widget-text-editor:not(.elementor-drop-cap-view-default) .elementor-drop-cap{margin-top:8px}.elementor-widget-text-editor:not(.elementor-drop-cap-view-default) .elementor-drop-cap-letter{width:1em;height:1em}.elementor-widget-text-editor .elementor-drop-cap{float:left;text-align:center;line-height:1;font-size:50px}.elementor-widget-text-editor .elementor-drop-cap-letter{display:inline-block}<\/style>\t\t\t\t<p>Studio avec kitchenette, lit double et canap\u00e9 lit une place, salle de bain avec douche. Petit balcon \u00e9quip\u00e9 avec vue sur pin\u00e8de.<\/p>\n\t\t\t\t\t\t<\/div>\n\t\t\t\t<\/div>\n\t\t\t\t<div class=\"elementor-element elementor-element-85314b8 elementor-widget elementor-widget-spacer\" data-id=\"85314b8\" data-element_type=\"widget\" data-widget_type=\"spacer.default\">\n\t\t\t\t<div class=\"elementor-widget-container\">\n\t\t\t<style>\/*! elementor - v3.21.0 - 22-05-2024 *\/\n.elementor-column .elementor-spacer-inner{height:var(--spacer-size)}.e-con{--container-widget-width:100%}.e-con-inner>.elementor-widget-spacer,.e-con>.elementor-widget-spacer{width:var(--container-widget-width,var(--spacer-size));--align-self:var(--container-widget-align-self,initial);--flex-shrink:0}.e-con-inner>.elementor-widget-spacer>.elementor-widget-container,.e-con>.elementor-widget-spacer>.elementor-widget-container{height:100%;width:100%}.e-con-inner>.elementor-widget-spacer>.elementor-widget-container>.elementor-spacer,.e-con>.elementor-widget-spacer>.elementor-widget-container>.elementor-spacer{height:100%}.e-con-inner>.elementor-widget-spacer>.elementor-widget-container>.elementor-spacer>.elementor-spacer-inner,.e-con>.elementor-widget-spacer>.elementor-widget-container>.elementor-spacer>.elementor-spacer-inner{height:var(--container-widget-height,var(--spacer-size))}.e-con-inner>.elementor-widget-spacer.elementor-widget-empty,.e-con>.elementor-widget-spacer.elementor-widget-empty{position:relative;min-height:22px;min-width:22px}.e-con-inner>.elementor-widget-spacer.elementor-widget-empty .elementor-widget-empty-icon,.e-con>.elementor-widget-spacer.elementor-widget-empty .elementor-widget-empty-icon{position:absolute;top:0;bottom:0;left:0;right:0;margin:auto;padding:0;width:22px;height:22px}<\/style>\t\t<div class=\"elementor-spacer\">\n\t\t\t<div class=\"elementor-spacer-inner\"><\/div>\n\t\t<\/div>\n\t\t\t\t<\/div>\n\t\t\t\t<\/div>\n\t\t\t\t<div class=\"elementor-element elementor-element-c8ead34 elementor-align-center elementor-widget__width-auto elementor-widget-mobile__width-inherit elementor-widget elementor-widget-button\" data-id=\"c8ead34\" data-element_type=\"widget\" data-widget_type=\"button.default\">\n\t\t\t\t<div class=\"elementor-widget-container\">\n\t\t\t\t\t<div class=\"elementor-button-wrapper\">\n\t\t\t<a class=\"elementor-button elementor-button-link elementor-size-sm\" href=\"#elementor-action%3Aaction%3Dpopup%3Aopen%26settings%3DeyJpZCI6NTc3LCJ0b2dnbGUiOmZhbHNlfQ%3D%3D\" target=\"_blank\">\n\t\t\t\t\t\t<span class=\"elementor-button-content-wrapper\">\n\t\t\t\t\t\t\t\t\t<span class=\"elementor-button-text\">r\u00e9server<\/span>\n\t\t\t\t\t<\/span>\n\t\t\t\t\t<\/a>\n\t\t<\/div>\n\t\t\t\t<\/div>\n\t\t\t\t<\/div>\n\t\t\t\t<div class=\"elementor-element elementor-element-fdfb36e elementor-align-center elementor-widget__width-auto elementor-widget-mobile__width-inherit elementor-widget elementor-widget-button\" data-id=\"fdfb36e\" data-element_type=\"widget\" data-widget_type=\"button.default\">\n\t\t\t\t<div class=\"elementor-widget-container\">\n\t\t\t\t\t<div class=\"elementor-button-wrapper\">\n\t\t\t<a class=\"elementor-button elementor-button-link elementor-size-sm\" href=\"https:\/\/iselba.it\/wp-content\/uploads\/2024\/11\/241111_Iselba_Listino-Prezzi_2025.pdf\" target=\"_blank\">\n\t\t\t\t\t\t<span class=\"elementor-button-content-wrapper\">\n\t\t\t\t\t\t\t\t\t<span class=\"elementor-button-text\">Liste de prix 2025<\/span>\n\t\t\t\t\t<\/span>\n\t\t\t\t\t<\/a>\n\t\t<\/div>\n\t\t\t\t<\/div>\n\t\t\t\t<\/div>\n\t\t\t\t\t<\/div>\n\t\t<\/div>\n\t\t\t\t\t<\/div>\n\t\t<\/section>\n\t\t\t\t<section class=\"elementor-section elementor-top-section elementor-element elementor-element-b1eee58 elementor-section-full_width elementor-section-height-default elementor-section-height-default\" data-id=\"b1eee58\" data-element_type=\"section\">\n\t\t\t\t\t\t<div class=\"elementor-container elementor-column-gap-default\">\n\t\t\t\t\t<div class=\"elementor-column elementor-col-100 elementor-top-column elementor-element elementor-element-578c0b4\" data-id=\"578c0b4\" data-element_type=\"column\">\n\t\t\t<div class=\"elementor-widget-wrap elementor-element-populated\">\n\t\t\t\t\t\t<section class=\"elementor-section elementor-inner-section elementor-element elementor-element-54e84f6 elementor-section-full_width elementor-section-height-default elementor-section-height-default\" data-id=\"54e84f6\" data-element_type=\"section\">\n\t\t\t\t\t\t<div class=\"elementor-container elementor-column-gap-default\">\n\t\t\t\t\t<div class=\"elementor-column elementor-col-33 elementor-inner-column elementor-element elementor-element-dc7647b\" data-id=\"dc7647b\" data-element_type=\"column\">\n\t\t\t<div class=\"elementor-widget-wrap elementor-element-populated\">\n\t\t\t\t\t\t<div class=\"elementor-element elementor-element-9f20bc2 elementor-widget__width-initial elementor-widget elementor-widget-image\" data-id=\"9f20bc2\" data-element_type=\"widget\" data-widget_type=\"image.default\">\n\t\t\t\t<div class=\"elementor-widget-container\">\n\t\t\t<style>\/*! elementor - v3.21.0 - 22-05-2024 *\/\n.elementor-widget-image{text-align:center}.elementor-widget-image a{display:inline-block}.elementor-widget-image a img[src$=\".svg\"]{width:48px}.elementor-widget-image img{vertical-align:middle;display:inline-block}<\/style>\t\t\t\t\t\t\t\t\t\t<img fetchpriority=\"high\" decoding=\"async\" width=\"1331\" height=\"2000\" src=\"https:\/\/iselba.it\/wp-content\/uploads\/2024\/02\/B_0005_01_DSC2766.jpg\" class=\"attachment-full size-full wp-image-1101\" alt=\"\" srcset=\"https:\/\/iselba.it\/wp-content\/uploads\/2024\/02\/B_0005_01_DSC2766.jpg 1331w, https:\/\/iselba.it\/wp-content\/uploads\/2024\/02\/B_0005_01_DSC2766-200x300.jpg 200w, https:\/\/iselba.it\/wp-content\/uploads\/2024\/02\/B_0005_01_DSC2766-681x1024.jpg 681w, https:\/\/iselba.it\/wp-content\/uploads\/2024\/02\/B_0005_01_DSC2766-768x1154.jpg 768w, https:\/\/iselba.it\/wp-content\/uploads\/2024\/02\/B_0005_01_DSC2766-1022x1536.jpg 1022w\" sizes=\"(max-width: 1331px) 100vw, 1331px\" \/>\t\t\t\t\t\t\t\t\t\t\t\t\t<\/div>\n\t\t\t\t<\/div>\n\t\t\t\t\t<\/div>\n\t\t<\/div>\n\t\t\t\t<div class=\"elementor-column elementor-col-33 elementor-inner-column elementor-element elementor-element-6d2a785\" data-id=\"6d2a785\" data-element_type=\"column\">\n\t\t\t<div class=\"elementor-widget-wrap elementor-element-populated\">\n\t\t\t\t\t\t<div class=\"elementor-element elementor-element-15a5fbc elementor-widget__width-initial elementor-widget elementor-widget-image\" data-id=\"15a5fbc\" data-element_type=\"widget\" data-widget_type=\"image.default\">\n\t\t\t\t<div class=\"elementor-widget-container\">\n\t\t\t\t\t\t\t\t\t\t\t\t\t<img decoding=\"async\" width=\"1331\" height=\"2000\" src=\"https:\/\/iselba.it\/wp-content\/uploads\/2024\/02\/B_0004_02_DSC1361.jpg\" class=\"attachment-full size-full wp-image-1097\" alt=\"\" srcset=\"https:\/\/iselba.it\/wp-content\/uploads\/2024\/02\/B_0004_02_DSC1361.jpg 1331w, https:\/\/iselba.it\/wp-content\/uploads\/2024\/02\/B_0004_02_DSC1361-200x300.jpg 200w, https:\/\/iselba.it\/wp-content\/uploads\/2024\/02\/B_0004_02_DSC1361-681x1024.jpg 681w, https:\/\/iselba.it\/wp-content\/uploads\/2024\/02\/B_0004_02_DSC1361-768x1154.jpg 768w, https:\/\/iselba.it\/wp-content\/uploads\/2024\/02\/B_0004_02_DSC1361-1022x1536.jpg 1022w\" sizes=\"(max-width: 1331px) 100vw, 1331px\" \/>\t\t\t\t\t\t\t\t\t\t\t\t\t<\/div>\n\t\t\t\t<\/div>\n\t\t\t\t\t<\/div>\n\t\t<\/div>\n\t\t\t\t<div class=\"elementor-column elementor-col-33 elementor-inner-column elementor-element elementor-element-7f3cd00\" data-id=\"7f3cd00\" data-element_type=\"column\">\n\t\t\t<div class=\"elementor-widget-wrap elementor-element-populated\">\n\t\t\t\t\t\t<div class=\"elementor-element elementor-element-f28a493 elementor-widget__width-initial elementor-widget elementor-widget-image\" data-id=\"f28a493\" data-element_type=\"widget\" data-widget_type=\"image.default\">\n\t\t\t\t<div class=\"elementor-widget-container\">\n\t\t\t\t\t\t\t\t\t\t\t\t\t<img decoding=\"async\" width=\"1331\" height=\"2000\" src=\"https:\/\/iselba.it\/wp-content\/uploads\/2024\/02\/B_0003_03_DSC2807.jpg\" class=\"attachment-full size-full wp-image-1093\" alt=\"\" srcset=\"https:\/\/iselba.it\/wp-content\/uploads\/2024\/02\/B_0003_03_DSC2807.jpg 1331w, https:\/\/iselba.it\/wp-content\/uploads\/2024\/02\/B_0003_03_DSC2807-200x300.jpg 200w, https:\/\/iselba.it\/wp-content\/uploads\/2024\/02\/B_0003_03_DSC2807-681x1024.jpg 681w, https:\/\/iselba.it\/wp-content\/uploads\/2024\/02\/B_0003_03_DSC2807-768x1154.jpg 768w, https:\/\/iselba.it\/wp-content\/uploads\/2024\/02\/B_0003_03_DSC2807-1022x1536.jpg 1022w\" sizes=\"(max-width: 1331px) 100vw, 1331px\" \/>\t\t\t\t\t\t\t\t\t\t\t\t\t<\/div>\n\t\t\t\t<\/div>\n\t\t\t\t\t<\/div>\n\t\t<\/div>\n\t\t\t\t\t<\/div>\n\t\t<\/section>\n\t\t\t\t<section class=\"elementor-section elementor-inner-section elementor-element elementor-element-ddc758a elementor-section-full_width elementor-section-height-default elementor-section-height-default\" data-id=\"ddc758a\" data-element_type=\"section\">\n\t\t\t\t\t\t<div class=\"elementor-container elementor-column-gap-default\">\n\t\t\t\t\t<div class=\"elementor-column elementor-col-50 elementor-inner-column elementor-element elementor-element-eeae3d8\" data-id=\"eeae3d8\" data-element_type=\"column\">\n\t\t\t<div class=\"elementor-widget-wrap elementor-element-populated\">\n\t\t\t\t\t\t<div class=\"elementor-element elementor-element-4616ece elementor-widget__width-initial elementor-widget elementor-widget-image\" data-id=\"4616ece\" data-element_type=\"widget\" data-widget_type=\"image.default\">\n\t\t\t\t<div class=\"elementor-widget-container\">\n\t\t\t\t\t\t\t\t\t\t\t\t\t<img loading=\"lazy\" decoding=\"async\" width=\"2560\" height=\"1703\" src=\"https:\/\/iselba.it\/wp-content\/uploads\/2024\/02\/04_DSC2801-scaled.jpg\" class=\"attachment-full size-full wp-image-1073\" alt=\"\" srcset=\"https:\/\/iselba.it\/wp-content\/uploads\/2024\/02\/04_DSC2801-scaled.jpg 2560w, https:\/\/iselba.it\/wp-content\/uploads\/2024\/02\/04_DSC2801-300x200.jpg 300w, https:\/\/iselba.it\/wp-content\/uploads\/2024\/02\/04_DSC2801-1024x681.jpg 1024w, https:\/\/iselba.it\/wp-content\/uploads\/2024\/02\/04_DSC2801-768x511.jpg 768w, https:\/\/iselba.it\/wp-content\/uploads\/2024\/02\/04_DSC2801-1536x1022.jpg 1536w, https:\/\/iselba.it\/wp-content\/uploads\/2024\/02\/04_DSC2801-2048x1363.jpg 2048w\" sizes=\"(max-width: 2560px) 100vw, 2560px\" \/>\t\t\t\t\t\t\t\t\t\t\t\t\t<\/div>\n\t\t\t\t<\/div>\n\t\t\t\t\t<\/div>\n\t\t<\/div>\n\t\t\t\t<div class=\"elementor-column elementor-col-50 elementor-inner-column elementor-element elementor-element-89b8fa4\" data-id=\"89b8fa4\" data-element_type=\"column\">\n\t\t\t<div class=\"elementor-widget-wrap elementor-element-populated\">\n\t\t\t\t\t\t<div class=\"elementor-element elementor-element-e06b965 elementor-widget__width-initial elementor-widget elementor-widget-image\" data-id=\"e06b965\" data-element_type=\"widget\" data-widget_type=\"image.default\">\n\t\t\t\t<div class=\"elementor-widget-container\">\n\t\t\t\t\t\t\t\t\t\t\t\t\t<img loading=\"lazy\" decoding=\"async\" width=\"2560\" height=\"1712\" src=\"https:\/\/iselba.it\/wp-content\/uploads\/2024\/02\/05_DSC2771-scaled.jpg\" class=\"attachment-full size-full wp-image-1077\" alt=\"\" srcset=\"https:\/\/iselba.it\/wp-content\/uploads\/2024\/02\/05_DSC2771-scaled.jpg 2560w, https:\/\/iselba.it\/wp-content\/uploads\/2024\/02\/05_DSC2771-300x201.jpg 300w, https:\/\/iselba.it\/wp-content\/uploads\/2024\/02\/05_DSC2771-1024x685.jpg 1024w, https:\/\/iselba.it\/wp-content\/uploads\/2024\/02\/05_DSC2771-768x514.jpg 768w, https:\/\/iselba.it\/wp-content\/uploads\/2024\/02\/05_DSC2771-1536x1027.jpg 1536w, https:\/\/iselba.it\/wp-content\/uploads\/2024\/02\/05_DSC2771-2048x1370.jpg 2048w\" sizes=\"(max-width: 2560px) 100vw, 2560px\" \/>\t\t\t\t\t\t\t\t\t\t\t\t\t<\/div>\n\t\t\t\t<\/div>\n\t\t\t\t\t<\/div>\n\t\t<\/div>\n\t\t\t\t\t<\/div>\n\t\t<\/section>\n\t\t\t\t<section class=\"elementor-section elementor-inner-section elementor-element elementor-element-dfed416 elementor-section-full_width elementor-section-height-default elementor-section-height-default\" data-id=\"dfed416\" data-element_type=\"section\">\n\t\t\t\t\t\t<div class=\"elementor-container elementor-column-gap-default\">\n\t\t\t\t\t<div class=\"elementor-column elementor-col-33 elementor-inner-column elementor-element elementor-element-f6dd2f9\" data-id=\"f6dd2f9\" data-element_type=\"column\">\n\t\t\t<div class=\"elementor-widget-wrap elementor-element-populated\">\n\t\t\t\t\t\t<div class=\"elementor-element elementor-element-ef47f78 elementor-widget__width-initial elementor-widget elementor-widget-image\" data-id=\"ef47f78\" data-element_type=\"widget\" data-widget_type=\"image.default\">\n\t\t\t\t<div class=\"elementor-widget-container\">\n\t\t\t\t\t\t\t\t\t\t\t\t\t<img loading=\"lazy\" decoding=\"async\" width=\"1331\" height=\"2000\" src=\"https:\/\/iselba.it\/wp-content\/uploads\/2024\/02\/B_0001_07_DSC1355.jpg\" class=\"attachment-full size-full wp-image-1085\" alt=\"\" srcset=\"https:\/\/iselba.it\/wp-content\/uploads\/2024\/02\/B_0001_07_DSC1355.jpg 1331w, https:\/\/iselba.it\/wp-content\/uploads\/2024\/02\/B_0001_07_DSC1355-200x300.jpg 200w, https:\/\/iselba.it\/wp-content\/uploads\/2024\/02\/B_0001_07_DSC1355-681x1024.jpg 681w, https:\/\/iselba.it\/wp-content\/uploads\/2024\/02\/B_0001_07_DSC1355-768x1154.jpg 768w, https:\/\/iselba.it\/wp-content\/uploads\/2024\/02\/B_0001_07_DSC1355-1022x1536.jpg 1022w\" sizes=\"(max-width: 1331px) 100vw, 1331px\" \/>\t\t\t\t\t\t\t\t\t\t\t\t\t<\/div>\n\t\t\t\t<\/div>\n\t\t\t\t\t<\/div>\n\t\t<\/div>\n\t\t\t\t<div class=\"elementor-column elementor-col-33 elementor-inner-column elementor-element elementor-element-4876faa\" data-id=\"4876faa\" data-element_type=\"column\">\n\t\t\t<div class=\"elementor-widget-wrap elementor-element-populated\">\n\t\t\t\t\t\t<div class=\"elementor-element elementor-element-21318b0 elementor-widget__width-initial elementor-widget elementor-widget-image\" data-id=\"21318b0\" data-element_type=\"widget\" data-widget_type=\"image.default\">\n\t\t\t\t<div class=\"elementor-widget-container\">\n\t\t\t\t\t\t\t\t\t\t\t\t\t<img loading=\"lazy\" decoding=\"async\" width=\"1331\" height=\"2000\" src=\"https:\/\/iselba.it\/wp-content\/uploads\/2024\/03\/dsc2804.jpg\" class=\"attachment-full size-full wp-image-2269\" alt=\"\" srcset=\"https:\/\/iselba.it\/wp-content\/uploads\/2024\/03\/dsc2804.jpg 1331w, https:\/\/iselba.it\/wp-content\/uploads\/2024\/03\/dsc2804-200x300.jpg 200w, https:\/\/iselba.it\/wp-content\/uploads\/2024\/03\/dsc2804-681x1024.jpg 681w, https:\/\/iselba.it\/wp-content\/uploads\/2024\/03\/dsc2804-768x1154.jpg 768w, https:\/\/iselba.it\/wp-content\/uploads\/2024\/03\/dsc2804-1022x1536.jpg 1022w\" sizes=\"(max-width: 1331px) 100vw, 1331px\" \/>\t\t\t\t\t\t\t\t\t\t\t\t\t<\/div>\n\t\t\t\t<\/div>\n\t\t\t\t\t<\/div>\n\t\t<\/div>\n\t\t\t\t<div class=\"elementor-column elementor-col-33 elementor-inner-column elementor-element elementor-element-2c218e8\" data-id=\"2c218e8\" data-element_type=\"column\">\n\t\t\t<div class=\"elementor-widget-wrap elementor-element-populated\">\n\t\t\t\t\t\t<div class=\"elementor-element elementor-element-cc5aed8 elementor-widget__width-initial elementor-widget elementor-widget-image\" data-id=\"cc5aed8\" data-element_type=\"widget\" data-widget_type=\"image.default\">\n\t\t\t\t<div class=\"elementor-widget-container\">\n\t\t\t\t\t\t\t\t\t\t\t\t\t<img loading=\"lazy\" decoding=\"async\" width=\"1331\" height=\"2000\" src=\"https:\/\/iselba.it\/wp-content\/uploads\/2024\/03\/DSC2796-1.jpg\" class=\"attachment-full size-full wp-image-2237\" alt=\"\" srcset=\"https:\/\/iselba.it\/wp-content\/uploads\/2024\/03\/DSC2796-1.jpg 1331w, https:\/\/iselba.it\/wp-content\/uploads\/2024\/03\/DSC2796-1-200x300.jpg 200w, https:\/\/iselba.it\/wp-content\/uploads\/2024\/03\/DSC2796-1-681x1024.jpg 681w, https:\/\/iselba.it\/wp-content\/uploads\/2024\/03\/DSC2796-1-768x1154.jpg 768w, https:\/\/iselba.it\/wp-content\/uploads\/2024\/03\/DSC2796-1-1022x1536.jpg 1022w\" sizes=\"(max-width: 1331px) 100vw, 1331px\" \/>\t\t\t\t\t\t\t\t\t\t\t\t\t<\/div>\n\t\t\t\t<\/div>\n\t\t\t\t\t<\/div>\n\t\t<\/div>\n\t\t\t\t\t<\/div>\n\t\t<\/section>\n\t\t\t\t\t<\/div>\n\t\t<\/div>\n\t\t\t\t\t<\/div>\n\t\t<\/section>\n\t\t\t\t<section class=\"elementor-section elementor-top-section elementor-element elementor-element-b5a61bc elementor-section-boxed elementor-section-height-default elementor-section-height-default\" data-id=\"b5a61bc\" data-element_type=\"section\">\n\t\t\t\t\t\t<div class=\"elementor-container elementor-column-gap-default\">\n\t\t\t\t\t<div class=\"elementor-column elementor-col-100 elementor-top-column elementor-element elementor-element-6a210ee\" data-id=\"6a210ee\" data-element_type=\"column\">\n\t\t\t<div class=\"elementor-widget-wrap elementor-element-populated\">\n\t\t\t\t\t\t<div class=\"elementor-element elementor-element-fdc8604 elementor-widget__width-initial elementor-widget elementor-widget-text-editor\" data-id=\"fdc8604\" data-element_type=\"widget\" data-widget_type=\"text-editor.default\">\n\t\t\t\t<div class=\"elementor-widget-container\">\n\t\t\t\t\t\t\t<p>Vous pourriez \u00eatre int\u00e9ress\u00e9<\/p>\n\t\t\t\t\t\t<\/div>\n\t\t\t\t<\/div>\n\t\t\t\t<section class=\"elementor-section elementor-inner-section elementor-element elementor-element-861a922 elementor-section-full_width elementor-section-height-default elementor-section-height-default\" data-id=\"861a922\" data-element_type=\"section\">\n\t\t\t\t\t\t<div class=\"elementor-container elementor-column-gap-custom\">\n\t\t\t\t\t<div class=\"elementor-column elementor-col-50 elementor-inner-column elementor-element elementor-element-85875bf\" data-id=\"85875bf\" data-element_type=\"column\">\n\t\t\t<div class=\"elementor-widget-wrap elementor-element-populated\">\n\t\t\t\t\t\t<div class=\"elementor-element elementor-element-36c48c6 elementor-widget__width-initial elementor-widget elementor-widget-text-editor\" data-id=\"36c48c6\" data-element_type=\"widget\" data-widget_type=\"text-editor.default\">\n\t\t\t\t<div class=\"elementor-widget-container\">\n\t\t\t\t\t\t\t<p>Appartement <br \/>TYPE A<\/p>\n\t\t\t\t\t\t<\/div>\n\t\t\t\t<\/div>\n\t\t\t\t<div class=\"elementor-element elementor-element-2188812 elementor-widget__width-initial elementor-widget elementor-widget-text-editor\" data-id=\"2188812\" data-element_type=\"widget\" data-widget_type=\"text-editor.default\">\n\t\t\t\t<div class=\"elementor-widget-container\">\n\t\t\t\t\t\t\t<p><a href=\"https:\/\/iselba.it\/fr\/appartements\/appartement-type-a\/\"><span style=\"text-decoration: underline;\">En savoir plus<\/span><\/a><\/p>\n\t\t\t\t\t\t<\/div>\n\t\t\t\t<\/div>\n\t\t\t\t<div class=\"elementor-element elementor-element-ffce25d elementor-widget__width-initial elementor-widget elementor-widget-image\" data-id=\"ffce25d\" data-element_type=\"widget\" data-widget_type=\"image.default\">\n\t\t\t\t<div class=\"elementor-widget-container\">\n\t\t\t\t\t\t\t\t\t\t\t\t\t<img loading=\"lazy\" decoding=\"async\" width=\"1703\" height=\"2560\" src=\"https:\/\/iselba.it\/wp-content\/uploads\/2024\/02\/01_DSC1303-scaled.jpg\" class=\"attachment-full size-full wp-image-1022\" alt=\"\" srcset=\"https:\/\/iselba.it\/wp-content\/uploads\/2024\/02\/01_DSC1303-scaled.jpg 1703w, https:\/\/iselba.it\/wp-content\/uploads\/2024\/02\/01_DSC1303-200x300.jpg 200w, https:\/\/iselba.it\/wp-content\/uploads\/2024\/02\/01_DSC1303-681x1024.jpg 681w, https:\/\/iselba.it\/wp-content\/uploads\/2024\/02\/01_DSC1303-768x1154.jpg 768w, https:\/\/iselba.it\/wp-content\/uploads\/2024\/02\/01_DSC1303-1022x1536.jpg 1022w, https:\/\/iselba.it\/wp-content\/uploads\/2024\/02\/01_DSC1303-1363x2048.jpg 1363w\" sizes=\"(max-width: 1703px) 100vw, 1703px\" \/>\t\t\t\t\t\t\t\t\t\t\t\t\t<\/div>\n\t\t\t\t<\/div>\n\t\t\t\t\t<\/div>\n\t\t<\/div>\n\t\t\t\t<div class=\"elementor-column elementor-col-50 elementor-inner-column elementor-element elementor-element-600c197\" data-id=\"600c197\" data-element_type=\"column\">\n\t\t\t<div class=\"elementor-widget-wrap elementor-element-populated\">\n\t\t\t\t\t\t<div class=\"elementor-element elementor-element-e55f54f elementor-widget__width-initial elementor-widget elementor-widget-text-editor\" data-id=\"e55f54f\" data-element_type=\"widget\" data-widget_type=\"text-editor.default\">\n\t\t\t\t<div class=\"elementor-widget-container\">\n\t\t\t\t\t\t\tAppartement <br>TYPE C Nr.4\t\t\t\t\t\t<\/div>\n\t\t\t\t<\/div>\n\t\t\t\t<div class=\"elementor-element elementor-element-f3c956e elementor-widget__width-initial elementor-widget elementor-widget-text-editor\" data-id=\"f3c956e\" data-element_type=\"widget\" data-widget_type=\"text-editor.default\">\n\t\t\t\t<div class=\"elementor-widget-container\">\n\t\t\t\t\t\t\t<p><a href=\"https:\/\/iselba.it\/fr\/appartements\/appartement-type-c-nr-4\/\"><span style=\"text-decoration: underline;\">En savoir plus<\/span><\/a><\/p>\n\t\t\t\t\t\t<\/div>\n\t\t\t\t<\/div>\n\t\t\t\t<div class=\"elementor-element elementor-element-1a57861 elementor-widget__width-initial elementor-widget elementor-widget-image\" data-id=\"1a57861\" data-element_type=\"widget\" data-widget_type=\"image.default\">\n\t\t\t\t<div class=\"elementor-widget-container\">\n\t\t\t\t\t\t\t\t\t\t\t\t\t<img loading=\"lazy\" decoding=\"async\" width=\"1331\" height=\"2000\" src=\"https:\/\/iselba.it\/wp-content\/uploads\/2024\/02\/C4__0005_01_DSC2406.jpg\" class=\"attachment-full size-full wp-image-1138\" alt=\"\" srcset=\"https:\/\/iselba.it\/wp-content\/uploads\/2024\/02\/C4__0005_01_DSC2406.jpg 1331w, https:\/\/iselba.it\/wp-content\/uploads\/2024\/02\/C4__0005_01_DSC2406-200x300.jpg 200w, https:\/\/iselba.it\/wp-content\/uploads\/2024\/02\/C4__0005_01_DSC2406-681x1024.jpg 681w, https:\/\/iselba.it\/wp-content\/uploads\/2024\/02\/C4__0005_01_DSC2406-768x1154.jpg 768w, https:\/\/iselba.it\/wp-content\/uploads\/2024\/02\/C4__0005_01_DSC2406-1022x1536.jpg 1022w\" sizes=\"(max-width: 1331px) 100vw, 1331px\" \/>\t\t\t\t\t\t\t\t\t\t\t\t\t<\/div>\n\t\t\t\t<\/div>\n\t\t\t\t\t<\/div>\n\t\t<\/div>\n\t\t\t\t\t<\/div>\n\t\t<\/section>\n\t\t\t\t\t<\/div>\n\t\t<\/div>\n\t\t\t\t\t<\/div>\n\t\t<\/section>\n\t\t\t\t<\/div>\n\t\t","protected":false},"excerpt":{"rendered":"<p>Appartement TYPE B Studio avec kitchenette, lit double et canap\u00e9 lit une place, salle de bain avec douche. Petit balcon \u00e9quip\u00e9 avec vue sur pin\u00e8de. r\u00e9server Liste de prix 2025 Vous pourriez \u00eatre int\u00e9ress\u00e9 Appartement TYPE A En savoir plus Appartement TYPE C Nr.4 En savoir plus<\/p>\n","protected":false},"author":1,"featured_media":0,"parent":2409,"menu_order":0,"comment_status":"closed","ping_status":"closed","template":"elementor_header_footer","meta":{"footnotes":""},"class_list":["post-2399","page","type-page","status-publish","hentry"],"_links":{"self":[{"href":"https:\/\/iselba.it\/fr\/wp-json\/wp\/v2\/pages\/2399","targetHints":{"allow":["GET"]}}],"collection":[{"href":"https:\/\/iselba.it\/fr\/wp-json\/wp\/v2\/pages"}],"about":[{"href":"https:\/\/iselba.it\/fr\/wp-json\/wp\/v2\/types\/page"}],"author":[{"embeddable":true,"href":"https:\/\/iselba.it\/fr\/wp-json\/wp\/v2\/users\/1"}],"replies":[{"embeddable":true,"href":"https:\/\/iselba.it\/fr\/wp-json\/wp\/v2\/comments?post=2399"}],"version-history":[{"count":6,"href":"https:\/\/iselba.it\/fr\/wp-json\/wp\/v2\/pages\/2399\/revisions"}],"predecessor-version":[{"id":2876,"href":"https:\/\/iselba.it\/fr\/wp-json\/wp\/v2\/pages\/2399\/revisions\/2876"}],"up":[{"embeddable":true,"href":"https:\/\/iselba.it\/fr\/wp-json\/wp\/v2\/pages\/2409"}],"wp:attachment":[{"href":"https:\/\/iselba.it\/fr\/wp-json\/wp\/v2\/media?parent=2399"}],"curies":[{"name":"wp","href":"https:\/\/api.w.org\/{rel}","templated":true}]}}