{"id":2359,"date":"2024-02-24T21:23:22","date_gmt":"2024-02-24T21:23:22","guid":{"rendered":"https:\/\/iselba.it\/la-plage-equipee\/"},"modified":"2025-08-25T12:19:12","modified_gmt":"2025-08-25T12:19:12","slug":"la-plage-equipee","status":"publish","type":"page","link":"https:\/\/iselba.it\/fr\/la-plage-equipee\/","title":{"rendered":"Plage \u00e9quip\u00e9e"},"content":{"rendered":"\t\t<div data-elementor-type=\"wp-page\" data-elementor-id=\"2359\" class=\"elementor elementor-2359 elementor-842\" data-elementor-post-type=\"page\">\n\t\t\t\t\t\t<section class=\"elementor-section elementor-top-section elementor-element elementor-element-b31a2e5 elementor-section-full_width elementor-section-content-middle elementor-section-height-min-height elementor-hidden-mobile elementor-section-height-default elementor-section-items-middle\" data-id=\"b31a2e5\" data-element_type=\"section\" data-settings=\"{&quot;background_background&quot;:&quot;video&quot;,&quot;background_video_link&quot;:&quot;https:\\\/\\\/iselba.it\\\/wp-content\\\/uploads\\\/2024\\\/05\\\/ISELBA_SPIAGGIA_24-no-audio.mp4&quot;,&quot;background_play_on_mobile&quot;:&quot;yes&quot;,&quot;background_privacy_mode&quot;:&quot;yes&quot;}\">\n\t\t\t\t\t\t\t\t<div class=\"elementor-background-video-container\">\n\t\t\t\t\t\t\t\t\t\t\t\t\t<video class=\"elementor-background-video-hosted elementor-html5-video\" autoplay muted playsinline loop><\/video>\n\t\t\t\t\t\t\t\t\t\t\t<\/div>\n\t\t\t\t\t\t\t\t<div class=\"elementor-container elementor-column-gap-no\">\n\t\t\t\t\t<div class=\"elementor-column elementor-col-100 elementor-top-column elementor-element elementor-element-0553c3c\" data-id=\"0553c3c\" data-element_type=\"column\">\n\t\t\t<div class=\"elementor-widget-wrap elementor-element-populated\">\n\t\t\t\t\t\t<div class=\"elementor-element elementor-element-1909f55 elementor-widget elementor-widget-heading\" data-id=\"1909f55\" data-element_type=\"widget\" data-widget_type=\"heading.default\">\n\t\t\t\t<div class=\"elementor-widget-container\">\n\t\t\t<style>\/*! elementor - v3.21.0 - 22-05-2024 *\/\n.elementor-heading-title{padding:0;margin:0;line-height:1}.elementor-widget-heading .elementor-heading-title[class*=elementor-size-]>a{color:inherit;font-size:inherit;line-height:inherit}.elementor-widget-heading .elementor-heading-title.elementor-size-small{font-size:15px}.elementor-widget-heading .elementor-heading-title.elementor-size-medium{font-size:19px}.elementor-widget-heading .elementor-heading-title.elementor-size-large{font-size:29px}.elementor-widget-heading .elementor-heading-title.elementor-size-xl{font-size:39px}.elementor-widget-heading .elementor-heading-title.elementor-size-xxl{font-size:59px}<\/style><h2 class=\"elementor-heading-title elementor-size-default\">Plage <br>\u00e9quip\u00e9e<\/h2>\t\t<\/div>\n\t\t\t\t<\/div>\n\t\t\t\t\t<\/div>\n\t\t<\/div>\n\t\t\t\t\t<\/div>\n\t\t<\/section>\n\t\t\t\t<section class=\"elementor-section elementor-top-section elementor-element elementor-element-ec12b02 elementor-section-full_width elementor-section-content-middle elementor-section-height-min-height elementor-hidden-desktop elementor-hidden-tablet elementor-section-height-default elementor-section-items-middle\" data-id=\"ec12b02\" data-element_type=\"section\" data-settings=\"{&quot;background_background&quot;:&quot;video&quot;,&quot;background_video_link&quot;:&quot;https:\\\/\\\/iselba.it\\\/wp-content\\\/uploads\\\/2024\\\/05\\\/ISELBA_SPIAGGIA_24_V_no-audio.mp4&quot;,&quot;background_play_on_mobile&quot;:&quot;yes&quot;,&quot;background_privacy_mode&quot;:&quot;yes&quot;}\">\n\t\t\t\t\t\t\t\t<div class=\"elementor-background-video-container\">\n\t\t\t\t\t\t\t\t\t\t\t\t\t<video class=\"elementor-background-video-hosted elementor-html5-video\" autoplay muted playsinline loop><\/video>\n\t\t\t\t\t\t\t\t\t\t\t<\/div>\n\t\t\t\t\t\t\t\t<div class=\"elementor-container elementor-column-gap-no\">\n\t\t\t\t\t<div class=\"elementor-column elementor-col-100 elementor-top-column elementor-element elementor-element-bc1b5eb\" data-id=\"bc1b5eb\" data-element_type=\"column\">\n\t\t\t<div class=\"elementor-widget-wrap elementor-element-populated\">\n\t\t\t\t\t\t<div class=\"elementor-element elementor-element-18d32e9 elementor-widget elementor-widget-heading\" data-id=\"18d32e9\" data-element_type=\"widget\" data-widget_type=\"heading.default\">\n\t\t\t\t<div class=\"elementor-widget-container\">\n\t\t\t<h2 class=\"elementor-heading-title elementor-size-default\">Plage <br>\u00e9quip\u00e9e<\/h2>\t\t<\/div>\n\t\t\t\t<\/div>\n\t\t\t\t\t<\/div>\n\t\t<\/div>\n\t\t\t\t\t<\/div>\n\t\t<\/section>\n\t\t\t\t<section class=\"elementor-section elementor-top-section elementor-element elementor-element-fcc1e8c elementor-section-boxed elementor-section-height-default elementor-section-height-default\" data-id=\"fcc1e8c\" data-element_type=\"section\">\n\t\t\t\t\t\t<div class=\"elementor-container elementor-column-gap-default\">\n\t\t\t\t\t<div class=\"elementor-column elementor-col-100 elementor-top-column elementor-element elementor-element-9a53052\" data-id=\"9a53052\" data-element_type=\"column\">\n\t\t\t<div class=\"elementor-widget-wrap elementor-element-populated\">\n\t\t\t\t\t\t<div class=\"elementor-element elementor-element-7fe8b8a elementor-widget__width-initial elementor-widget elementor-widget-text-editor\" data-id=\"7fe8b8a\" data-element_type=\"widget\" data-widget_type=\"text-editor.default\">\n\t\t\t\t<div class=\"elementor-widget-container\">\n\t\t\t<style>\/*! elementor - v3.21.0 - 22-05-2024 *\/\n.elementor-widget-text-editor.elementor-drop-cap-view-stacked .elementor-drop-cap{background-color:#69727d;color:#fff}.elementor-widget-text-editor.elementor-drop-cap-view-framed .elementor-drop-cap{color:#69727d;border:3px solid;background-color:transparent}.elementor-widget-text-editor:not(.elementor-drop-cap-view-default) .elementor-drop-cap{margin-top:8px}.elementor-widget-text-editor:not(.elementor-drop-cap-view-default) .elementor-drop-cap-letter{width:1em;height:1em}.elementor-widget-text-editor .elementor-drop-cap{float:left;text-align:center;line-height:1;font-size:50px}.elementor-widget-text-editor .elementor-drop-cap-letter{display:inline-block}<\/style>\t\t\t\t<p>La plage de Marina di Campo est la plus \u00e9tendue de toute l\u2019Ile d\u2019Elbe avec ses quelques 1500 m\u00e8tres de sable fin dor\u00e9 d\u2019origine granitique formant un demi-cercle jusqu\u2019au petit port du village. Le sable tr\u00e8s fin, les attrayants rochers, la vue sur les montagnes au loin et les splendides belv\u00e9d\u00e8res d\u2019o\u00f9 l\u2019on entrevoit les \u00eeles de Pianosa et Montecristo font de cette zone un lieu d\u2019une beaut\u00e9 exceptionnelle et magique.<\/p>\n\t\t\t\t\t\t<\/div>\n\t\t\t\t<\/div>\n\t\t\t\t<div class=\"elementor-element elementor-element-e144ad7 elementor-widget__width-initial elementor-widget elementor-widget-image\" data-id=\"e144ad7\" data-element_type=\"widget\" data-widget_type=\"image.default\">\n\t\t\t\t<div class=\"elementor-widget-container\">\n\t\t\t<style>\/*! elementor - v3.21.0 - 22-05-2024 *\/\n.elementor-widget-image{text-align:center}.elementor-widget-image a{display:inline-block}.elementor-widget-image a img[src$=\".svg\"]{width:48px}.elementor-widget-image img{vertical-align:middle;display:inline-block}<\/style>\t\t\t\t\t\t\t\t\t\t<img fetchpriority=\"high\" decoding=\"async\" width=\"2304\" height=\"1520\" src=\"https:\/\/iselba.it\/wp-content\/uploads\/2024\/02\/Iselba_Dintorni_01-1.jpg\" class=\"attachment-full size-full wp-image-845\" alt=\"\" srcset=\"https:\/\/iselba.it\/wp-content\/uploads\/2024\/02\/Iselba_Dintorni_01-1.jpg 2304w, https:\/\/iselba.it\/wp-content\/uploads\/2024\/02\/Iselba_Dintorni_01-1-300x198.jpg 300w, https:\/\/iselba.it\/wp-content\/uploads\/2024\/02\/Iselba_Dintorni_01-1-1024x676.jpg 1024w, https:\/\/iselba.it\/wp-content\/uploads\/2024\/02\/Iselba_Dintorni_01-1-768x507.jpg 768w, https:\/\/iselba.it\/wp-content\/uploads\/2024\/02\/Iselba_Dintorni_01-1-1536x1013.jpg 1536w, https:\/\/iselba.it\/wp-content\/uploads\/2024\/02\/Iselba_Dintorni_01-1-2048x1351.jpg 2048w\" sizes=\"(max-width: 2304px) 100vw, 2304px\" \/>\t\t\t\t\t\t\t\t\t\t\t\t\t<\/div>\n\t\t\t\t<\/div>\n\t\t\t\t<div class=\"elementor-element elementor-element-8442769 elementor-widget__width-initial elementor-widget elementor-widget-text-editor\" data-id=\"8442769\" data-element_type=\"widget\" data-widget_type=\"text-editor.default\">\n\t\t\t\t<div class=\"elementor-widget-container\">\n\t\t\t\t\t\t\t<p>La R\u00e9sidence Iselba dispose d\u2019une <strong>plage<\/strong> \u00e9quip\u00e9e de <strong>bar<\/strong>, <strong>restaurant<\/strong>, <strong>\u00e9cole de<\/strong>&nbsp;<strong>windsurf<\/strong>, parfaite pour les familles avec enfants.<\/p>\n<p>Notre r\u00e9sidence dispose d\u2019un <strong>acc\u00e8s direct sur la mer<\/strong> \u2013 ce qui rend les journ\u00e9es encore plus agr\u00e9ables et d\u00e9tendues \u2013 o\u00f9 se trouve notre plage priv\u00e9e offrant en plus \u00e0 nos h\u00f4tes <strong>parasols et chaises longues compris dans le prix<\/strong>.<\/p>\t\t\t\t\t\t<\/div>\n\t\t\t\t<\/div>\n\t\t\t\t<section class=\"elementor-section elementor-inner-section elementor-element elementor-element-820c868 elementor-section-full_width elementor-section-height-default elementor-section-height-default\" data-id=\"820c868\" data-element_type=\"section\">\n\t\t\t\t\t\t<div class=\"elementor-container elementor-column-gap-default\">\n\t\t\t\t\t<div class=\"elementor-column elementor-col-50 elementor-inner-column elementor-element elementor-element-f716b31\" data-id=\"f716b31\" data-element_type=\"column\">\n\t\t\t<div class=\"elementor-widget-wrap elementor-element-populated\">\n\t\t\t\t\t\t<div class=\"elementor-element elementor-element-590c402 elementor-widget__width-initial elementor-widget elementor-widget-image\" data-id=\"590c402\" data-element_type=\"widget\" data-widget_type=\"image.default\">\n\t\t\t\t<div class=\"elementor-widget-container\">\n\t\t\t\t\t\t\t\t\t\t\t\t\t<img decoding=\"async\" width=\"1428\" height=\"1520\" src=\"https:\/\/iselba.it\/wp-content\/uploads\/2024\/02\/Iselba_Spiaggia_03_1.jpg\" class=\"attachment-full size-full wp-image-853\" alt=\"\" srcset=\"https:\/\/iselba.it\/wp-content\/uploads\/2024\/02\/Iselba_Spiaggia_03_1.jpg 1428w, https:\/\/iselba.it\/wp-content\/uploads\/2024\/02\/Iselba_Spiaggia_03_1-282x300.jpg 282w, https:\/\/iselba.it\/wp-content\/uploads\/2024\/02\/Iselba_Spiaggia_03_1-962x1024.jpg 962w, https:\/\/iselba.it\/wp-content\/uploads\/2024\/02\/Iselba_Spiaggia_03_1-768x817.jpg 768w\" sizes=\"(max-width: 1428px) 100vw, 1428px\" \/>\t\t\t\t\t\t\t\t\t\t\t\t\t<\/div>\n\t\t\t\t<\/div>\n\t\t\t\t\t<\/div>\n\t\t<\/div>\n\t\t\t\t<div class=\"elementor-column elementor-col-50 elementor-inner-column elementor-element elementor-element-d58c40e\" data-id=\"d58c40e\" data-element_type=\"column\">\n\t\t\t<div class=\"elementor-widget-wrap elementor-element-populated\">\n\t\t\t\t\t\t<div class=\"elementor-element elementor-element-9846e67 elementor-widget__width-initial elementor-widget elementor-widget-image\" data-id=\"9846e67\" data-element_type=\"widget\" data-widget_type=\"image.default\">\n\t\t\t\t<div class=\"elementor-widget-container\">\n\t\t\t\t\t\t\t\t\t\t\t\t\t<img decoding=\"async\" width=\"844\" height=\"1520\" src=\"https:\/\/iselba.it\/wp-content\/uploads\/2024\/02\/Spiaggia_01-1-1.jpg\" class=\"attachment-full size-full wp-image-857\" alt=\"\" srcset=\"https:\/\/iselba.it\/wp-content\/uploads\/2024\/02\/Spiaggia_01-1-1.jpg 844w, https:\/\/iselba.it\/wp-content\/uploads\/2024\/02\/Spiaggia_01-1-1-167x300.jpg 167w, https:\/\/iselba.it\/wp-content\/uploads\/2024\/02\/Spiaggia_01-1-1-569x1024.jpg 569w, https:\/\/iselba.it\/wp-content\/uploads\/2024\/02\/Spiaggia_01-1-1-768x1383.jpg 768w\" sizes=\"(max-width: 844px) 100vw, 844px\" \/>\t\t\t\t\t\t\t\t\t\t\t\t\t<\/div>\n\t\t\t\t<\/div>\n\t\t\t\t\t<\/div>\n\t\t<\/div>\n\t\t\t\t\t<\/div>\n\t\t<\/section>\n\t\t\t\t<div class=\"elementor-element elementor-element-ddd34e2 elementor-widget__width-initial elementor-widget elementor-widget-text-editor\" data-id=\"ddd34e2\" data-element_type=\"widget\" data-widget_type=\"text-editor.default\">\n\t\t\t\t<div class=\"elementor-widget-container\">\n\t\t\t\t\t\t\t<p>Sur la <strong>plage<\/strong>, il est \u00e9galement possible de d\u00e9jeuner et de d\u00eener au <strong>Bar Restaurant \u00ab Da Piero \u00bb<\/strong> qui propose une cuisine principalement \u00e0 base de poisson et se transforme le soir en un espace raffin\u00e9 et \u00e9l\u00e9gant pour offrir un service de restauration d\u2019excellente qualit\u00e9.<\/p>\n\t\t\t\t\t\t<\/div>\n\t\t\t\t<\/div>\n\t\t\t\t<div class=\"elementor-element elementor-element-a572dcf elementor-widget__width-initial elementor-widget elementor-widget-image\" data-id=\"a572dcf\" data-element_type=\"widget\" data-widget_type=\"image.default\">\n\t\t\t\t<div class=\"elementor-widget-container\">\n\t\t\t\t\t\t\t\t\t\t\t\t\t<img loading=\"lazy\" decoding=\"async\" width=\"2304\" height=\"1520\" src=\"https:\/\/iselba.it\/wp-content\/uploads\/2024\/02\/Iselba_Ristorante_04-1.jpg\" class=\"attachment-full size-full wp-image-864\" alt=\"\" srcset=\"https:\/\/iselba.it\/wp-content\/uploads\/2024\/02\/Iselba_Ristorante_04-1.jpg 2304w, https:\/\/iselba.it\/wp-content\/uploads\/2024\/02\/Iselba_Ristorante_04-1-300x198.jpg 300w, https:\/\/iselba.it\/wp-content\/uploads\/2024\/02\/Iselba_Ristorante_04-1-1024x676.jpg 1024w, https:\/\/iselba.it\/wp-content\/uploads\/2024\/02\/Iselba_Ristorante_04-1-768x507.jpg 768w, https:\/\/iselba.it\/wp-content\/uploads\/2024\/02\/Iselba_Ristorante_04-1-1536x1013.jpg 1536w, https:\/\/iselba.it\/wp-content\/uploads\/2024\/02\/Iselba_Ristorante_04-1-2048x1351.jpg 2048w\" sizes=\"(max-width: 2304px) 100vw, 2304px\" \/>\t\t\t\t\t\t\t\t\t\t\t\t\t<\/div>\n\t\t\t\t<\/div>\n\t\t\t\t<div class=\"elementor-element elementor-element-68e6473 elementor-widget__width-initial elementor-widget elementor-widget-text-editor\" data-id=\"68e6473\" data-element_type=\"widget\" data-widget_type=\"text-editor.default\">\n\t\t\t\t<div class=\"elementor-widget-container\">\n\t\t\t\t\t\t\t<p>Juste \u00e0 c\u00f4t\u00e9 du restaurant se trouve l\u2019<strong>\u00e9cole Zephyr<\/strong> qui propose des cours de windsurf pour les enfants et les adultes en plus de la location de p\u00e9dalo et sup. Aux abords de la plage se trouvent des centres de location de bateaux \u00e0 moteur qui offrent la possibilit\u00e9 de faire des excursions le long de la c\u00f4te m\u00e9ridionale de l\u2019\u00eele, avec de baies et petites criques ravissantes et surtout moins peupl\u00e9es.<\/p><p>\u00a0<\/p><p>A <strong>Marina di Campo<\/strong> se trouvent de nombreux centres de plong\u00e9e sous marine qui, en plus de louer du mat\u00e9riel et proposer des cours de plong\u00e9e, offrent la possibilit\u00e9 de faire des excursions guid\u00e9es sur les plus beaux r\u00e9cifs situ\u00e9s sur toute la c\u00f4te m\u00e9ridionale de l\u2019\u00eele, en partant des <strong>\u00eeles Gemini<\/strong> \u00e0 c\u00f4t\u00e9 de la <strong>C\u00f4te des Mouettes<\/strong> (\u00ab Costa dei Gabbiani \u00bb) jusqu\u2019\u00e0 l\u2019\u00e9pave <strong>Elviscot de Pomonte<\/strong>.<\/p>\t\t\t\t\t\t<\/div>\n\t\t\t\t<\/div>\n\t\t\t\t<section class=\"elementor-section elementor-inner-section elementor-element elementor-element-855a090 elementor-section-full_width elementor-section-height-default elementor-section-height-default\" data-id=\"855a090\" data-element_type=\"section\">\n\t\t\t\t\t\t<div class=\"elementor-container elementor-column-gap-default\">\n\t\t\t\t\t<div class=\"elementor-column elementor-col-50 elementor-inner-column elementor-element elementor-element-de7f3ff\" data-id=\"de7f3ff\" data-element_type=\"column\">\n\t\t\t<div class=\"elementor-widget-wrap elementor-element-populated\">\n\t\t\t\t\t\t<div class=\"elementor-element elementor-element-e666977 elementor-widget__width-initial elementor-widget elementor-widget-image\" data-id=\"e666977\" data-element_type=\"widget\" data-widget_type=\"image.default\">\n\t\t\t\t<div class=\"elementor-widget-container\">\n\t\t\t\t\t\t\t\t\t\t\t\t\t<img loading=\"lazy\" decoding=\"async\" width=\"844\" height=\"1520\" src=\"https:\/\/iselba.it\/wp-content\/uploads\/2024\/02\/sport-tempolibero_03.jpg\" class=\"attachment-full size-full wp-image-872\" alt=\"\" srcset=\"https:\/\/iselba.it\/wp-content\/uploads\/2024\/02\/sport-tempolibero_03.jpg 844w, https:\/\/iselba.it\/wp-content\/uploads\/2024\/02\/sport-tempolibero_03-167x300.jpg 167w, https:\/\/iselba.it\/wp-content\/uploads\/2024\/02\/sport-tempolibero_03-569x1024.jpg 569w, https:\/\/iselba.it\/wp-content\/uploads\/2024\/02\/sport-tempolibero_03-768x1383.jpg 768w\" sizes=\"(max-width: 844px) 100vw, 844px\" \/>\t\t\t\t\t\t\t\t\t\t\t\t\t<\/div>\n\t\t\t\t<\/div>\n\t\t\t\t\t<\/div>\n\t\t<\/div>\n\t\t\t\t<div class=\"elementor-column elementor-col-50 elementor-inner-column elementor-element elementor-element-61e860b\" data-id=\"61e860b\" data-element_type=\"column\">\n\t\t\t<div class=\"elementor-widget-wrap elementor-element-populated\">\n\t\t\t\t\t\t<div class=\"elementor-element elementor-element-5b1f65b elementor-widget__width-initial elementor-widget elementor-widget-image\" data-id=\"5b1f65b\" data-element_type=\"widget\" data-widget_type=\"image.default\">\n\t\t\t\t<div class=\"elementor-widget-container\">\n\t\t\t\t\t\t\t\t\t\t\t\t\t<img loading=\"lazy\" decoding=\"async\" width=\"1428\" height=\"1520\" src=\"https:\/\/iselba.it\/wp-content\/uploads\/2024\/02\/Spiaggia_17.jpg\" class=\"attachment-full size-full wp-image-868\" alt=\"\" srcset=\"https:\/\/iselba.it\/wp-content\/uploads\/2024\/02\/Spiaggia_17.jpg 1428w, https:\/\/iselba.it\/wp-content\/uploads\/2024\/02\/Spiaggia_17-282x300.jpg 282w, https:\/\/iselba.it\/wp-content\/uploads\/2024\/02\/Spiaggia_17-962x1024.jpg 962w, https:\/\/iselba.it\/wp-content\/uploads\/2024\/02\/Spiaggia_17-768x817.jpg 768w\" sizes=\"(max-width: 1428px) 100vw, 1428px\" \/>\t\t\t\t\t\t\t\t\t\t\t\t\t<\/div>\n\t\t\t\t<\/div>\n\t\t\t\t\t<\/div>\n\t\t<\/div>\n\t\t\t\t\t<\/div>\n\t\t<\/section>\n\t\t\t\t\t<\/div>\n\t\t<\/div>\n\t\t\t\t\t<\/div>\n\t\t<\/section>\n\t\t\t\t<\/div>\n\t\t","protected":false},"excerpt":{"rendered":"<p>Plage \u00e9quip\u00e9e Plage \u00e9quip\u00e9e La plage de Marina di Campo est la plus \u00e9tendue de toute l\u2019Ile d\u2019Elbe avec ses quelques 1500 m\u00e8tres de sable fin dor\u00e9 d\u2019origine granitique formant un demi-cercle jusqu\u2019au petit port du village. Le sable tr\u00e8s fin, les attrayants rochers, la vue sur les montagnes au loin et les splendides belv\u00e9d\u00e8res [&hellip;]<\/p>\n","protected":false},"author":1,"featured_media":0,"parent":0,"menu_order":0,"comment_status":"closed","ping_status":"closed","template":"elementor_header_footer","meta":{"footnotes":""},"class_list":["post-2359","page","type-page","status-publish","hentry"],"_links":{"self":[{"href":"https:\/\/iselba.it\/fr\/wp-json\/wp\/v2\/pages\/2359","targetHints":{"allow":["GET"]}}],"collection":[{"href":"https:\/\/iselba.it\/fr\/wp-json\/wp\/v2\/pages"}],"about":[{"href":"https:\/\/iselba.it\/fr\/wp-json\/wp\/v2\/types\/page"}],"author":[{"embeddable":true,"href":"https:\/\/iselba.it\/fr\/wp-json\/wp\/v2\/users\/1"}],"replies":[{"embeddable":true,"href":"https:\/\/iselba.it\/fr\/wp-json\/wp\/v2\/comments?post=2359"}],"version-history":[{"count":11,"href":"https:\/\/iselba.it\/fr\/wp-json\/wp\/v2\/pages\/2359\/revisions"}],"predecessor-version":[{"id":3025,"href":"https:\/\/iselba.it\/fr\/wp-json\/wp\/v2\/pages\/2359\/revisions\/3025"}],"wp:attachment":[{"href":"https:\/\/iselba.it\/fr\/wp-json\/wp\/v2\/media?parent=2359"}],"curies":[{"name":"wp","href":"https:\/\/api.w.org\/{rel}","templated":true}]}}