{"id":529,"date":"2023-11-29T10:19:21","date_gmt":"2023-11-29T10:19:21","guid":{"rendered":"https:\/\/iselba.it\/home\/"},"modified":"2025-10-31T12:16:49","modified_gmt":"2025-10-31T12:16:49","slug":"home","status":"publish","type":"page","link":"https:\/\/iselba.it\/de\/","title":{"rendered":"Home"},"content":{"rendered":"\t\t<div data-elementor-type=\"wp-page\" data-elementor-id=\"529\" class=\"elementor elementor-529 elementor-13\" data-elementor-post-type=\"page\">\n\t\t\t\t\t\t<section class=\"elementor-section elementor-top-section elementor-element elementor-element-6a9b06e elementor-section-full_width elementor-section-content-middle elementor-section-height-min-height elementor-hidden-mobile elementor-section-height-default elementor-section-items-middle\" data-id=\"6a9b06e\" data-element_type=\"section\" data-settings=\"{&quot;background_background&quot;:&quot;video&quot;,&quot;background_video_link&quot;:&quot;https:\\\/\\\/iselba.it\\\/wp-content\\\/uploads\\\/2024\\\/05\\\/ISELBA_HP_2024_curva_no-audio.mp4&quot;,&quot;background_play_on_mobile&quot;:&quot;yes&quot;,&quot;background_privacy_mode&quot;:&quot;yes&quot;}\">\n\t\t\t\t\t\t\t\t<div class=\"elementor-background-video-container\">\n\t\t\t\t\t\t\t\t\t\t\t\t\t<video class=\"elementor-background-video-hosted elementor-html5-video\" autoplay muted playsinline loop><\/video>\n\t\t\t\t\t\t\t\t\t\t\t<\/div>\n\t\t\t\t\t\t\t\t\t<div class=\"elementor-background-overlay\"><\/div>\n\t\t\t\t\t\t\t<div class=\"elementor-container elementor-column-gap-no\">\n\t\t\t\t\t<div class=\"elementor-column elementor-col-100 elementor-top-column elementor-element elementor-element-08c72cc\" data-id=\"08c72cc\" data-element_type=\"column\">\n\t\t\t<div class=\"elementor-widget-wrap elementor-element-populated\">\n\t\t\t\t\t\t<div class=\"elementor-element elementor-element-01a1ca9 elementor-absolute elementor-widget elementor-widget-image\" data-id=\"01a1ca9\" data-element_type=\"widget\" data-settings=\"{&quot;_position&quot;:&quot;absolute&quot;}\" data-widget_type=\"image.default\">\n\t\t\t\t<div class=\"elementor-widget-container\">\n\t\t\t<style>\/*! elementor - v3.21.0 - 22-05-2024 *\/\n.elementor-widget-image{text-align:center}.elementor-widget-image a{display:inline-block}.elementor-widget-image a img[src$=\".svg\"]{width:48px}.elementor-widget-image img{vertical-align:middle;display:inline-block}<\/style>\t\t\t\t\t\t\t\t\t\t<img decoding=\"async\" width=\"308\" height=\"62\" src=\"https:\/\/iselba.it\/wp-content\/uploads\/2024\/02\/Raggruppa-58.svg\" class=\"attachment-large size-large wp-image-340\" alt=\"\" \/>\t\t\t\t\t\t\t\t\t\t\t\t\t<\/div>\n\t\t\t\t<\/div>\n\t\t\t\t\t<\/div>\n\t\t<\/div>\n\t\t\t\t\t<\/div>\n\t\t<\/section>\n\t\t\t\t<section class=\"elementor-section elementor-top-section elementor-element elementor-element-f6835ee elementor-section-full_width elementor-section-content-middle elementor-section-height-min-height elementor-hidden-desktop elementor-hidden-tablet elementor-section-height-default elementor-section-items-middle\" data-id=\"f6835ee\" data-element_type=\"section\" data-settings=\"{&quot;background_background&quot;:&quot;video&quot;,&quot;background_video_link&quot;:&quot;https:\\\/\\\/iselba.it\\\/wp-content\\\/uploads\\\/2024\\\/05\\\/ISELBA_HP_2024.no-audio_v.mp4&quot;,&quot;background_play_on_mobile&quot;:&quot;yes&quot;,&quot;background_privacy_mode&quot;:&quot;yes&quot;}\">\n\t\t\t\t\t\t\t\t<div class=\"elementor-background-video-container\">\n\t\t\t\t\t\t\t\t\t\t\t\t\t<video class=\"elementor-background-video-hosted elementor-html5-video\" autoplay muted playsinline loop><\/video>\n\t\t\t\t\t\t\t\t\t\t\t<\/div>\n\t\t\t\t\t\t\t\t\t<div class=\"elementor-background-overlay\"><\/div>\n\t\t\t\t\t\t\t<div class=\"elementor-container elementor-column-gap-no\">\n\t\t\t\t\t<div class=\"elementor-column elementor-col-100 elementor-top-column elementor-element elementor-element-02fc74e\" data-id=\"02fc74e\" data-element_type=\"column\">\n\t\t\t<div class=\"elementor-widget-wrap elementor-element-populated\">\n\t\t\t\t\t\t<div class=\"elementor-element elementor-element-3eecc19 elementor-absolute elementor-widget elementor-widget-image\" data-id=\"3eecc19\" data-element_type=\"widget\" data-settings=\"{&quot;_position&quot;:&quot;absolute&quot;}\" data-widget_type=\"image.default\">\n\t\t\t\t<div class=\"elementor-widget-container\">\n\t\t\t\t\t\t\t\t\t\t\t\t\t<img decoding=\"async\" width=\"308\" height=\"62\" src=\"https:\/\/iselba.it\/wp-content\/uploads\/2024\/02\/Raggruppa-58.svg\" class=\"attachment-large size-large wp-image-340\" alt=\"\" \/>\t\t\t\t\t\t\t\t\t\t\t\t\t<\/div>\n\t\t\t\t<\/div>\n\t\t\t\t\t<\/div>\n\t\t<\/div>\n\t\t\t\t\t<\/div>\n\t\t<\/section>\n\t\t\t\t<section class=\"elementor-section elementor-top-section elementor-element elementor-element-fcc1e8c elementor-section-boxed elementor-section-height-default elementor-section-height-default\" data-id=\"fcc1e8c\" data-element_type=\"section\">\n\t\t\t\t\t\t<div class=\"elementor-container elementor-column-gap-default\">\n\t\t\t\t\t<div class=\"elementor-column elementor-col-100 elementor-top-column elementor-element elementor-element-9a53052\" data-id=\"9a53052\" data-element_type=\"column\">\n\t\t\t<div class=\"elementor-widget-wrap elementor-element-populated\">\n\t\t\t\t\t\t<div class=\"elementor-element elementor-element-ee6bf7d elementor-widget elementor-widget-heading\" data-id=\"ee6bf7d\" data-element_type=\"widget\" data-widget_type=\"heading.default\">\n\t\t\t\t<div class=\"elementor-widget-container\">\n\t\t\t<style>\/*! elementor - v3.21.0 - 22-05-2024 *\/\n.elementor-heading-title{padding:0;margin:0;line-height:1}.elementor-widget-heading .elementor-heading-title[class*=elementor-size-]>a{color:inherit;font-size:inherit;line-height:inherit}.elementor-widget-heading .elementor-heading-title.elementor-size-small{font-size:15px}.elementor-widget-heading .elementor-heading-title.elementor-size-medium{font-size:19px}.elementor-widget-heading .elementor-heading-title.elementor-size-large{font-size:29px}.elementor-widget-heading .elementor-heading-title.elementor-size-xl{font-size:39px}.elementor-widget-heading .elementor-heading-title.elementor-size-xxl{font-size:59px}<\/style><h2 class=\"elementor-heading-title elementor-size-default\">Willkommen im<br>Iselba Residence Hotel<\/h2>\t\t<\/div>\n\t\t\t\t<\/div>\n\t\t\t\t<div class=\"elementor-element elementor-element-7fe8b8a elementor-widget__width-initial elementor-widget elementor-widget-text-editor\" data-id=\"7fe8b8a\" data-element_type=\"widget\" data-widget_type=\"text-editor.default\">\n\t\t\t\t<div class=\"elementor-widget-container\">\n\t\t\t<style>\/*! elementor - v3.21.0 - 22-05-2024 *\/\n.elementor-widget-text-editor.elementor-drop-cap-view-stacked .elementor-drop-cap{background-color:#69727d;color:#fff}.elementor-widget-text-editor.elementor-drop-cap-view-framed .elementor-drop-cap{color:#69727d;border:3px solid;background-color:transparent}.elementor-widget-text-editor:not(.elementor-drop-cap-view-default) .elementor-drop-cap{margin-top:8px}.elementor-widget-text-editor:not(.elementor-drop-cap-view-default) .elementor-drop-cap-letter{width:1em;height:1em}.elementor-widget-text-editor .elementor-drop-cap{float:left;text-align:center;line-height:1;font-size:50px}.elementor-widget-text-editor .elementor-drop-cap-letter{display:inline-block}<\/style>\t\t\t\t<p>Das Residenz Hotel Iselba\u00a0befindet sich im Zentrum der\u00a0Bucht von <strong>Marina di Campo<\/strong>, mitten in einem Pinienwald von 20.000 m2, direkt am wundersch\u00f6nen wei\u00dfen Sandstrand. Unseren Kunden steht ein Privatstrand mit Liegst\u00fchlen und Sonnenschrime zur Verf\u00fcgung.<\/p>\n\t\t\t\t\t\t<\/div>\n\t\t\t\t<\/div>\n\t\t\t\t<div class=\"elementor-element elementor-element-e144ad7 elementor-widget__width-initial elementor-widget elementor-widget-image\" data-id=\"e144ad7\" data-element_type=\"widget\" data-widget_type=\"image.default\">\n\t\t\t\t<div class=\"elementor-widget-container\">\n\t\t\t\t\t\t\t\t\t\t\t\t\t<img fetchpriority=\"high\" decoding=\"async\" width=\"1152\" height=\"760\" src=\"https:\/\/iselba.it\/wp-content\/uploads\/2024\/02\/PATIO.jpg\" class=\"attachment-full size-full wp-image-201\" alt=\"\" srcset=\"https:\/\/iselba.it\/wp-content\/uploads\/2024\/02\/PATIO.jpg 1152w, https:\/\/iselba.it\/wp-content\/uploads\/2024\/02\/PATIO-300x198.jpg 300w, https:\/\/iselba.it\/wp-content\/uploads\/2024\/02\/PATIO-1024x676.jpg 1024w, https:\/\/iselba.it\/wp-content\/uploads\/2024\/02\/PATIO-768x507.jpg 768w\" sizes=\"(max-width: 1152px) 100vw, 1152px\" \/>\t\t\t\t\t\t\t\t\t\t\t\t\t<\/div>\n\t\t\t\t<\/div>\n\t\t\t\t<div class=\"elementor-element elementor-element-6ba5e66 elementor-widget elementor-widget-heading\" data-id=\"6ba5e66\" data-element_type=\"widget\" data-widget_type=\"heading.default\">\n\t\t\t\t<div class=\"elementor-widget-container\">\n\t\t\t<h2 class=\"elementor-heading-title elementor-size-default\">Die Ferienwohnungen<\/h2>\t\t<\/div>\n\t\t\t\t<\/div>\n\t\t\t\t<div class=\"elementor-element elementor-element-a6eff55 elementor-widget__width-initial elementor-widget elementor-widget-text-editor\" data-id=\"a6eff55\" data-element_type=\"widget\" data-widget_type=\"text-editor.default\">\n\t\t\t\t<div class=\"elementor-widget-container\">\n\t\t\t\t\t\t\t<p>Die Residenz Hotel Iselba\u00a0besteht aus <strong>39\u00a0Wohnungen<\/strong>\u00a0unterschiedlicher Gr\u00f6\u00dfe, mit eigenem Eingang, modern eingerichtet. Sie befinden sich entweder im Erdgeschoss und verf\u00fcgen \u00fcber einem ausgestatteten externen Platz oder im ersten Stock mit einer ausgestatteter Terrasse, welche ideal f\u00fcr Mittag- und Abendessen sind. Alle Wohnungen verf\u00fcgen \u00fcber Geschirrsp\u00fcler, Sat-TV, Telefon, Klimaanlage, Heizung, K\u00fchlschrank, Safe, Haartrockner und kosten-losen WIFI-Anschluss.<\/p>\n\t\t\t\t\t\t<\/div>\n\t\t\t\t<\/div>\n\t\t\t\t<div class=\"elementor-element elementor-element-1f1c6b1 elementor-align-center elementor-widget elementor-widget-button\" data-id=\"1f1c6b1\" data-element_type=\"widget\" data-widget_type=\"button.default\">\n\t\t\t\t<div class=\"elementor-widget-container\">\n\t\t\t\t\t<div class=\"elementor-button-wrapper\">\n\t\t\t<a class=\"elementor-button elementor-button-link elementor-size-sm\" href=\"https:\/\/iselba.it\/wp-content\/uploads\/2025\/10\/251030_Iselba_Listino-Prezzi_2026.pdf\" target=\"_blank\">\n\t\t\t\t\t\t<span class=\"elementor-button-content-wrapper\">\n\t\t\t\t\t\t\t\t\t<span class=\"elementor-button-text\">Preisliste 2026<\/span>\n\t\t\t\t\t<\/span>\n\t\t\t\t\t<\/a>\n\t\t<\/div>\n\t\t\t\t<\/div>\n\t\t\t\t<\/div>\n\t\t\t\t\t<\/div>\n\t\t<\/div>\n\t\t\t\t\t<\/div>\n\t\t<\/section>\n\t\t\t\t<section class=\"elementor-section elementor-top-section elementor-element elementor-element-d93f120 elementor-section-full_width elementor-section-height-default elementor-section-height-default\" data-id=\"d93f120\" data-element_type=\"section\">\n\t\t\t\t\t\t<div class=\"elementor-container elementor-column-gap-default\">\n\t\t\t\t\t<div class=\"elementor-column elementor-col-100 elementor-top-column elementor-element elementor-element-43c07cd\" data-id=\"43c07cd\" data-element_type=\"column\">\n\t\t\t<div class=\"elementor-widget-wrap elementor-element-populated\">\n\t\t\t\t\t\t<section class=\"elementor-section elementor-inner-section elementor-element elementor-element-c23ab79 elementor-section-full_width elementor-section-content-middle elementor-section-height-default elementor-section-height-default\" data-id=\"c23ab79\" data-element_type=\"section\">\n\t\t\t\t\t\t<div class=\"elementor-container elementor-column-gap-default\">\n\t\t\t\t\t<div class=\"elementor-column elementor-col-50 elementor-inner-column elementor-element elementor-element-3832c63\" data-id=\"3832c63\" data-element_type=\"column\">\n\t\t\t<div class=\"elementor-widget-wrap elementor-element-populated\">\n\t\t\t\t\t\t<div class=\"elementor-element elementor-element-151e302 elementor-widget elementor-widget-ucaddon_remote_counter_display\" data-id=\"151e302\" data-element_type=\"widget\" data-widget_type=\"ucaddon_remote_counter_display.default\">\n\t\t\t\t<div class=\"elementor-widget-container\">\n\t\t\t<!-- start Remote Counter -->\n\t\t\t<style type=\"text\/css\">\/* widget: Remote Counter *\/\n\n#uc_remote_counter_display_elementor_151e302\n{\n  display:flex;\n}\n\n<\/style>\n\n\t\t\t<div id=\"uc_remote_counter_display_elementor_151e302\" class=\"remote_counter_display\"  data-parentid='sliderhome'>\n  <div class=\"ue-counter-current\"><\/div> \n    <div class=\"ue-counter-separator\">\/<\/div>\n      <div class=\"ue-counter-total\"><\/div>\n  \t\n<\/div>\n\t\t\t<!-- end Remote Counter -->\t\t<\/div>\n\t\t\t\t<\/div>\n\t\t\t\t\t<\/div>\n\t\t<\/div>\n\t\t\t\t<div class=\"elementor-column elementor-col-50 elementor-inner-column elementor-element elementor-element-7c52ee4\" data-id=\"7c52ee4\" data-element_type=\"column\">\n\t\t\t<div class=\"elementor-widget-wrap elementor-element-populated\">\n\t\t\t\t\t\t<div class=\"elementor-element elementor-element-1e0198f elementor-widget elementor-widget-ucaddon_arrow_navigation\" data-id=\"1e0198f\" data-element_type=\"widget\" data-widget_type=\"ucaddon_arrow_navigation.default\">\n\t\t\t\t<div class=\"elementor-widget-container\">\n\t\t\t<!-- start Remote Arrows -->\n\t\t<link id='font-awesome-css' href='https:\/\/iselba.it\/wp-content\/plugins\/unlimited-elements-for-elementor-premium\/assets_libraries\/font-awesome5\/css\/fontawesome-all.min.css' type='text\/css' rel='stylesheet' >\n\t\t<link id='font-awesome-4-shim-css' href='https:\/\/iselba.it\/wp-content\/plugins\/unlimited-elements-for-elementor-premium\/assets_libraries\/font-awesome5\/css\/fontawesome-v4-shims.css' type='text\/css' rel='stylesheet' >\n\n\t\t\t<style type=\"text\/css\">\/* widget: Remote Arrows *\/\n\n.ue-remote-carousel-navigation-wrapper\n{\n  display:flex;\n}\n\n.ue-remote-carousel-navigation-wrapper .ue-remote-arrow\n{\n  border:none;\n  border-color:transparent;\n}\n\n.ue-remote-carousel-navigation-wrapper .ue-remote-arrow:hover\n{\n  background-color:transparent;\n \n}\n\n\n#uc_arrow_navigation_elementor_1e0198f\n{\n  display:inline-flex;\n}\n\n#uc_arrow_navigation_elementor_1e0198f .ue-remote-arrow\n{\n  flex-grow:0;\n  flex-shrink:0;\n  transition:0.3s;\n  display:inline-flex;\n  align-items:center;\n  justify-content:center;\n  line-height:1em;\n  cursor:pointer;\n}\n\n\n#uc_arrow_navigation_elementor_1e0198f .ue-remote-arrow .ue-carousel-nav-icon\n{\n  transition:0.3s;\n  line-height:1em;\n}\n\n#uc_arrow_navigation_elementor_1e0198f .ue-remote-arrow .ue-carousel-nav-icon svg\n{\n  transition:0.3s;\n  height:1em;\n  width:1em;\n}\n\n\n#uc_arrow_navigation_elementor_1e0198f .ue-carousel-nav-label\n{\n  transition:0.3s;\n}\n\n#uc_arrow_navigation_elementor_1e0198f .uc-disabled{\n\topacity: 0.3;\n}\n\n<\/style>\n\n\t\t\t<div class=\"ue-remote-carousel-navigation-wrapper\">\n<div id=\"uc_arrow_navigation_elementor_1e0198f\" class=\"ue-remote-carousel-navigation\"  data-parentid='sliderhome'>\n  \n  \n  \n\t<div class=\"ue-remote-arrow ue-carousel-prev \">\n    <div class=\"ue-carousel-nav-icon\"><svg xmlns=\"http:\/\/www.w3.org\/2000\/svg\" viewBox=\"0 0 320 512\"><path d=\"M234.8 36.25c3.438 3.141 5.156 7.438 5.156 11.75c0 3.891-1.406 7.781-4.25 10.86L53.77 256l181.1 197.1c6 6.5 5.625 16.64-.9062 22.61c-6.5 6-16.59 5.594-22.59-.8906l-192-208c-5.688-6.156-5.688-15.56 0-21.72l192-208C218.2 30.66 228.3 30.25 234.8 36.25z\" fill=\"#ef776e\"><\/path><\/svg><\/div>\n    \t\n  <\/div>   \n\t\n\n  \n \n\n  <div class=\"ue-remote-arrow ue-carousel-next \">\n        <div class=\"ue-carousel-nav-icon\"><svg xmlns=\"http:\/\/www.w3.org\/2000\/svg\" viewBox=\"0 0 320 512\"><path d=\"M85.14 475.8c-3.438-3.141-5.156-7.438-5.156-11.75c0-3.891 1.406-7.781 4.25-10.86l181.1-197.1L84.23 58.86c-6-6.5-5.625-16.64 .9062-22.61c6.5-6 16.59-5.594 22.59 .8906l192 208c5.688 6.156 5.688 15.56 0 21.72l-192 208C101.7 481.3 91.64 481.8 85.14 475.8z\" fill=\"#ef776e\"><\/path><\/svg><\/div>\n  <\/div>\n  \n  \n<\/div>\n<\/div>\n\t\t\t<!-- end Remote Arrows -->\t\t<\/div>\n\t\t\t\t<\/div>\n\t\t\t\t\t<\/div>\n\t\t<\/div>\n\t\t\t\t\t<\/div>\n\t\t<\/section>\n\t\t\t\t<div class=\"elementor-element elementor-element-c7fd386 elementor-widget elementor-widget-ucaddon_justified_image_carousel\" data-id=\"c7fd386\" data-element_type=\"widget\" data-widget_type=\"ucaddon_justified_image_carousel.default\">\n\t\t\t\t<div class=\"elementor-widget-container\">\n\t\t\t<!-- start Justified Image Carousel -->\n\t\t<link id='owl-carousel-css' href='https:\/\/iselba.it\/wp-content\/plugins\/unlimited-elements-for-elementor-premium\/assets_libraries\/owl-carousel-new\/assets\/owl.carousel.css' type='text\/css' rel='stylesheet' >\n\t\t<link id='fancybox-css' href='https:\/\/iselba.it\/wp-content\/plugins\/unlimited-elements-for-elementor-premium\/assets_libraries\/fancybox3\/jquery.fancybox.min.css' type='text\/css' rel='stylesheet' >\n\n\t\t\t<style type=\"text\/css\">\/* widget: Justified Image Carousel *\/\n\n#uc_justified_image_carousel_elementor_c7fd386{\n  min-height:1px;\n}\n\n#uc_justified_image_carousel_elementor_c7fd386-wrapper\n{\n  min-height:1px;\n}\n\n#uc_justified_image_carousel_elementor_c7fd386 img{\n  height:500px !important;\n}\n\n\n@media only screen and (max-width: 1024px) {\n  #uc_justified_image_carousel_elementor_c7fd386 img{\n    height: !important;\n  }\n}\n\n@media only screen and (max-width: 767px) {\n  \n  #uc_justified_image_carousel_elementor_c7fd386 img{\n    height:200px !important;\n  }\n  \n  }\n\n\n#uc_justified_image_carousel_elementor_c7fd386 .ue-item\n{\n  overflow:hidden;\n}\n\n#uc_justified_image_carousel_elementor_c7fd386 .item_title\n{\n      position:absolute;  \n    bottom:0;\n    width:100%;\n}\n\n\n#uc_justified_image_carousel_elementor_c7fd386 .owl-nav .owl-prev{\n    position:absolute;\n    \/* left:0pxpx; *\/\n    display:inline-block;\n    text-align:center;\n}\n#uc_justified_image_carousel_elementor_c7fd386 .owl-nav .owl-next{\n  position:absolute;\n  \/* right:0pxpx; *\/\n  display:inline-block;\n  text-align:center;\n}\n\n\n\n.fancybox-button,\n.fancybox-button svg path{\t\n  color: ;\n}\n.fancybox-button{\n  background-color: ;\n}\n\n.fancybox-button:hover,\n.fancybox-button:hover svg path{\t\n  color: ;\n}\n.fancybox-button:hover,\n.fancybox-button:focus{\n  background-color: ;\n}\n\n.fancybox-bg{\n  background: ;\n}\n\n.fancybox-is-open .fancybox-bg{\n  opacity: 0.9 !important;\n}\n\n  .fancybox-infobar{\n\tdisplay: none !important;\n  }\n\t\n\n  .fancybox-button--zoom{\n\tdisplay: none !important;\n  }\n\t\n\n  .fancybox-button--play{\n\tdisplay: none !important;\n  }\n\t\n\n  .fancybox-button--thumbs{\n\tdisplay: none !important;\n  }\n\t\n\n  .fancybox-button--close{\n\tdisplay: none !important;\n  }\n\t\n\n  .fancybox-navigation{\n\tdisplay: none !important;\n  }\n\n\n<\/style>\n\n\t\t\t<div id=\"uc_justified_image_carousel_elementor_c7fd386-wrapper\">\n  <div id=\"uc_justified_image_carousel_elementor_c7fd386\" class=\"owl-carousel owl-theme uc-items-wrapper  uc-remote-parent \" data-lightbox=\"false\" data-use-elementor-lightbox=\"false\" data-constant-width=\"false\"  data-remoteid='sliderhome' data-widgetname='Justified Image Carousel' data-sync='true' data-syncid='group1' >\n      <div class=\"item ue-item\" style=\"position:relative;\">\n  \n      <a href=\"javascript:void(0);\"> \n  \t\n  \n    \n    <img decoding=\"async\"  src=\"https:\/\/iselba.it\/wp-content\/uploads\/2024\/02\/DSC2981.jpg\" alt=\"_DSC2981\" width=\"568\" height=\"760\" >\n    \n  <\/a>\n  \n  \t\n  \n<\/div>\n<div class=\"item ue-item\" style=\"position:relative;\">\n  \n      <a href=\"javascript:void(0);\"> \n  \t\n  \n    \n    <img loading=\"lazy\" decoding=\"async\"  src=\"https:\/\/iselba.it\/wp-content\/uploads\/2024\/02\/DSC1443.jpg\" alt=\"_DSC1443\" width=\"568\" height=\"760\" >\n    \n  <\/a>\n  \n  \t\n  \n<\/div>\n<div class=\"item ue-item\" style=\"position:relative;\">\n  \n      <a href=\"javascript:void(0);\"> \n  \t\n  \n    \n    <img loading=\"lazy\" decoding=\"async\"  src=\"https:\/\/iselba.it\/wp-content\/uploads\/2024\/02\/DSC2965.jpg\" alt=\"_DSC2965\" width=\"568\" height=\"760\" >\n    \n  <\/a>\n  \n  \t\n  \n<\/div>\n<div class=\"item ue-item\" style=\"position:relative;\">\n  \n      <a href=\"javascript:void(0);\"> \n  \t\n  \n    \n    <img loading=\"lazy\" decoding=\"async\"  src=\"https:\/\/iselba.it\/wp-content\/uploads\/2024\/02\/Appartamento-E-13-17_12.jpg\" alt=\"Appartamento E 13-17_12\" width=\"568\" height=\"760\" >\n    \n  <\/a>\n  \n  \t\n  \n<\/div>\n<div class=\"item ue-item\" style=\"position:relative;\">\n  \n      <a href=\"javascript:void(0);\"> \n  \t\n  \n    \n    <img loading=\"lazy\" decoding=\"async\"  src=\"https:\/\/iselba.it\/wp-content\/uploads\/2024\/02\/DSC1311.jpg\" alt=\"_DSC1311\" width=\"568\" height=\"760\" >\n    \n  <\/a>\n  \n  \t\n  \n<\/div>\n \n  <\/div>\n<\/div>\n\t\t\t<!-- end Justified Image Carousel -->\t\t<\/div>\n\t\t\t\t<\/div>\n\t\t\t\t\t<\/div>\n\t\t<\/div>\n\t\t\t\t\t<\/div>\n\t\t<\/section>\n\t\t\t\t<section class=\"elementor-section elementor-top-section elementor-element elementor-element-8bf891e elementor-section-boxed elementor-section-height-default elementor-section-height-default\" data-id=\"8bf891e\" data-element_type=\"section\">\n\t\t\t\t\t\t<div class=\"elementor-container elementor-column-gap-default\">\n\t\t\t\t\t<div class=\"elementor-column elementor-col-100 elementor-top-column elementor-element elementor-element-3e8e058\" data-id=\"3e8e058\" data-element_type=\"column\">\n\t\t\t<div class=\"elementor-widget-wrap elementor-element-populated\">\n\t\t\t\t\t\t<div class=\"elementor-element elementor-element-8c5a207 elementor-widget elementor-widget-heading\" data-id=\"8c5a207\" data-element_type=\"widget\" data-widget_type=\"heading.default\">\n\t\t\t\t<div class=\"elementor-widget-container\">\n\t\t\t<h2 class=\"elementor-heading-title elementor-size-default\">Der Pool<\/h2>\t\t<\/div>\n\t\t\t\t<\/div>\n\t\t\t\t<div class=\"elementor-element elementor-element-0fcb018 elementor-widget__width-initial elementor-widget elementor-widget-text-editor\" data-id=\"0fcb018\" data-element_type=\"widget\" data-widget_type=\"text-editor.default\">\n\t\t\t\t<div class=\"elementor-widget-container\">\n\t\t\t\t\t\t\t<p>Der Pool direkt am Meer wurde 2019 erbaut und bietet seinen G\u00e4sten einen Hydromassage-Bereich und einen spektakul\u00e4ren Blick auf den Golf von Marina di Campo. Das Schwimmbad ist 1,35 Meter hoch und morgens und nachmittags ge\u00f6ffnet (geschlossen von ca. 13.00 bis 16.00 Uhr).<\/p>\n\t\t\t\t\t\t<\/div>\n\t\t\t\t<\/div>\n\t\t\t\t<div class=\"elementor-element elementor-element-4965799 elementor-widget__width-initial elementor-widget elementor-widget-image\" data-id=\"4965799\" data-element_type=\"widget\" data-widget_type=\"image.default\">\n\t\t\t\t<div class=\"elementor-widget-container\">\n\t\t\t\t\t\t\t\t\t\t\t\t\t<img loading=\"lazy\" decoding=\"async\" width=\"2560\" height=\"1702\" src=\"https:\/\/iselba.it\/wp-content\/uploads\/2023\/11\/Piscina_01-1-scaled.jpg\" class=\"attachment-full size-full wp-image-152\" alt=\"\" srcset=\"https:\/\/iselba.it\/wp-content\/uploads\/2023\/11\/Piscina_01-1-scaled.jpg 2560w, https:\/\/iselba.it\/wp-content\/uploads\/2023\/11\/Piscina_01-1-300x199.jpg 300w, https:\/\/iselba.it\/wp-content\/uploads\/2023\/11\/Piscina_01-1-1024x681.jpg 1024w, https:\/\/iselba.it\/wp-content\/uploads\/2023\/11\/Piscina_01-1-768x511.jpg 768w, https:\/\/iselba.it\/wp-content\/uploads\/2023\/11\/Piscina_01-1-1536x1021.jpg 1536w, https:\/\/iselba.it\/wp-content\/uploads\/2023\/11\/Piscina_01-1-2048x1361.jpg 2048w\" sizes=\"(max-width: 2560px) 100vw, 2560px\" \/>\t\t\t\t\t\t\t\t\t\t\t\t\t<\/div>\n\t\t\t\t<\/div>\n\t\t\t\t<div class=\"elementor-element elementor-element-454f620 elementor-hidden-desktop elementor-hidden-tablet elementor-hidden-mobile elementor-widget elementor-widget-heading\" data-id=\"454f620\" data-element_type=\"widget\" data-widget_type=\"heading.default\">\n\t\t\t\t<div class=\"elementor-widget-container\">\n\t\t\t<h2 class=\"elementor-heading-title elementor-size-default\">Bar Ristorante<br>\u201cDA PIERO\u201d<\/h2>\t\t<\/div>\n\t\t\t\t<\/div>\n\t\t\t\t<div class=\"elementor-element elementor-element-555a74b elementor-widget__width-initial elementor-hidden-desktop elementor-hidden-tablet elementor-hidden-mobile elementor-widget elementor-widget-text-editor\" data-id=\"555a74b\" data-element_type=\"widget\" data-widget_type=\"text-editor.default\">\n\t\t\t\t<div class=\"elementor-widget-container\">\n\t\t\t\t\t\t\t<p>Sulla <strong>spiaggia<\/strong> \u00e8 possibile inoltre pranzare e cenare presso il <strong>Bar Ristorante da Piero<\/strong> che propone una cucina soprattutto a base di pesce, a pranzo potrete trovare anche insalate e panini mentre la sera, per la cena, il locale si trasforma in un ambiente raffinato con servizio di alto livello.<\/p>\n\t\t\t\t\t\t<\/div>\n\t\t\t\t<\/div>\n\t\t\t\t<div class=\"elementor-element elementor-element-6b73aaf elementor-widget__width-initial elementor-hidden-desktop elementor-hidden-tablet elementor-hidden-mobile elementor-widget elementor-widget-image\" data-id=\"6b73aaf\" data-element_type=\"widget\" data-widget_type=\"image.default\">\n\t\t\t\t<div class=\"elementor-widget-container\">\n\t\t\t\t\t\t\t\t\t\t\t\t\t<img loading=\"lazy\" decoding=\"async\" width=\"1152\" height=\"760\" src=\"https:\/\/iselba.it\/wp-content\/uploads\/2024\/02\/Iselba_Ristorante_07.jpg\" class=\"attachment-full size-full wp-image-208\" alt=\"\" srcset=\"https:\/\/iselba.it\/wp-content\/uploads\/2024\/02\/Iselba_Ristorante_07.jpg 1152w, https:\/\/iselba.it\/wp-content\/uploads\/2024\/02\/Iselba_Ristorante_07-300x198.jpg 300w, https:\/\/iselba.it\/wp-content\/uploads\/2024\/02\/Iselba_Ristorante_07-1024x676.jpg 1024w, https:\/\/iselba.it\/wp-content\/uploads\/2024\/02\/Iselba_Ristorante_07-768x507.jpg 768w\" sizes=\"(max-width: 1152px) 100vw, 1152px\" \/>\t\t\t\t\t\t\t\t\t\t\t\t\t<\/div>\n\t\t\t\t<\/div>\n\t\t\t\t\t<\/div>\n\t\t<\/div>\n\t\t\t\t\t<\/div>\n\t\t<\/section>\n\t\t\t\t<\/div>\n\t\t","protected":false},"excerpt":{"rendered":"<p>Willkommen imIselba Residence Hotel Das Residenz Hotel Iselba\u00a0befindet sich im Zentrum der\u00a0Bucht von Marina di Campo, mitten in einem Pinienwald von 20.000 m2, direkt am wundersch\u00f6nen wei\u00dfen Sandstrand. Unseren Kunden steht ein Privatstrand mit Liegst\u00fchlen und Sonnenschrime zur Verf\u00fcgung. Die Ferienwohnungen Die Residenz Hotel Iselba\u00a0besteht aus 39\u00a0Wohnungen\u00a0unterschiedlicher Gr\u00f6\u00dfe, mit eigenem Eingang, modern eingerichtet. Sie befinden [&hellip;]<\/p>\n","protected":false},"author":1,"featured_media":0,"parent":0,"menu_order":0,"comment_status":"closed","ping_status":"closed","template":"elementor_header_footer","meta":{"footnotes":""},"class_list":["post-529","page","type-page","status-publish","hentry"],"_links":{"self":[{"href":"https:\/\/iselba.it\/de\/wp-json\/wp\/v2\/pages\/529","targetHints":{"allow":["GET"]}}],"collection":[{"href":"https:\/\/iselba.it\/de\/wp-json\/wp\/v2\/pages"}],"about":[{"href":"https:\/\/iselba.it\/de\/wp-json\/wp\/v2\/types\/page"}],"author":[{"embeddable":true,"href":"https:\/\/iselba.it\/de\/wp-json\/wp\/v2\/users\/1"}],"replies":[{"embeddable":true,"href":"https:\/\/iselba.it\/de\/wp-json\/wp\/v2\/comments?post=529"}],"version-history":[{"count":36,"href":"https:\/\/iselba.it\/de\/wp-json\/wp\/v2\/pages\/529\/revisions"}],"predecessor-version":[{"id":3061,"href":"https:\/\/iselba.it\/de\/wp-json\/wp\/v2\/pages\/529\/revisions\/3061"}],"wp:attachment":[{"href":"https:\/\/iselba.it\/de\/wp-json\/wp\/v2\/media?parent=529"}],"curies":[{"name":"wp","href":"https:\/\/api.w.org\/{rel}","templated":true}]}}